{"id":33285,"date":"2026-03-18T15:17:11","date_gmt":"2026-03-18T15:17:11","guid":{"rendered":"https:\/\/nalu.ro\/?post_type=product&#038;p=33285"},"modified":"2026-03-18T15:17:17","modified_gmt":"2026-03-18T15:17:17","slug":"the-bralette-selection","status":"publish","type":"product","link":"https:\/\/nalu.ro\/en\/shop\/the-bralette-selection\/","title":{"rendered":"The Bralette Selection"},"content":{"rendered":"<p><strong>AVA BREEZY:\u00a0<\/strong><\/p>\n<ul>\n<li class=\"li1\">realizat\u0103 integral din mesh dublu<\/li>\n<li>bretele ajustabile cu regloare metalice de culoare aurie<\/li>\n<li>\u00eenchidere la spate cu 2 r\u00e2nduri de copcii, pe 3 nivele de ajustare<\/li>\n<li>material dublat pe toat\u0103 suprafa\u021ba, pentru o sus\u021binere sporit\u0103<\/li>\n<li>dat fiind c\u0103 este realizat\u0103 din dou\u0103 straturi de mesh, bustiera este u\u0219or transparent\u0103, iar materialul las\u0103 foarte bine pielea s\u0103 respire<\/li>\n<\/ul>\n<p><strong>AVA:\u00a0<\/strong><\/p>\n<ul>\n<li class=\"li1\">detalii pe contur din mesh dublu<\/li>\n<li class=\"li1\">sub bust din mesh dublat<\/li>\n<li>bretele ajustabile cu regloare metalice de culoare aurie<\/li>\n<li>\u00eenchidere la spate cu 2 r\u00e2nduri de copcii, pe 3 nivele de ajustare<\/li>\n<li>95% Bumbac organic certificat GOTS \u0219i OekoTex, 5% Elastan<\/li>\n<li>material dublat pe toat\u0103 suprafa\u021ba, pentru o sus\u021binere sporit\u0103<\/li>\n<li>materialul este moale, foarte pl\u0103cut la atingere, procentul de elastan \u00eei ofer\u0103 elasticitatea necesar\u0103 pentru a se a\u0219eza frumos pe corp \u0219i pentru a-\u0219i p\u0103stra forma o perioad\u0103 \u00eendelungat\u0103<\/li>\n<\/ul>\n","protected":false},"excerpt":{"rendered":"<p>Dac\u0103 ai renun\u021bat la sutienele cu s\u00e2rm\u0103, acesta este setul de care ai nevoie.<\/p>\n<p>Pachetul include trei versiuni ale modelului AVA: Nude pentru a fi purtat invizibil pe sub haine deschise, Black pentru versatilitate zilnic\u0103 \u0219i Breezy din mesh u\u0219or pentru o senza\u021bie complet\u0103 de libertate. Trei piese care se adapteaz\u0103 natural formelor tale.<\/p>\n<p>Ce con\u021bine:<\/p>\n<ul>\n<li><strong>Bustiera AVA BREEZY<\/strong> realizat\u0103 din dou\u0103 straturi de mesh, bustiera este u\u0219or transparent\u0103, iar materialul las\u0103 foarte bine pielea s\u0103 respire<\/li>\n<li><strong>Bustiera AVA<\/strong> &#8211; nude \u0219i neagr\u0103 &#8211; realizat\u0103 din bumbac organic certificat GOTS \u0219i OekoTex. Bumbacul organic \u00ee\u021bi las\u0103 pielea s\u0103 respire liber, oferindu-\u021bi o atingere moale \u0219i confortabil\u0103. Fiecare fibr\u0103 a fost cultivat\u0103 f\u0103r\u0103 pesticide sau substan\u021be chimice d\u0103un\u0103toare, fiind astfel prietenoas\u0103 nu doar cu pielea ta, ci \u0219i cu planeta noastr\u0103.<\/li>\n<\/ul>\n","protected":false},"featured_media":33286,"template":"","meta":[],"product_brand":[],"product_cat":[302,294,293,267,71,80,77],"product_tag":[],"class_list":{"0":"post-33285","1":"product","2":"type-product","3":"status-publish","4":"has-post-thumbnail","6":"product_cat-gots-organic-cotton","7":"product_cat-bundle-save","8":"product_cat-noutati","9":"product_cat-sets","10":"product_cat-lingerie","11":"product_cat-all-lingerie","12":"product_cat-bras","14":"first","15":"instock","16":"sale","17":"shipping-taxable","18":"purchasable","19":"product-type-bundle"},"bundled_by":[],"bundle_stock_status":"instock","bundle_stock_quantity":47,"bundle_virtual":false,"bundle_layout":"default","bundle_add_to_cart_form_location":"default","bundle_editable_in_cart":false,"bundle_sold_individually_context":"product","bundle_item_grouping":"parent","bundle_min_size":"","bundle_max_size":"","bundle_price":{"price":{"min":{"incl_tax":"659","excl_tax":"659"},"max":{"incl_tax":"659","excl_tax":"659"}},"regular_price":{"min":{"incl_tax":"897","excl_tax":"897"},"max":{"incl_tax":"897","excl_tax":"897"}}},"bundled_items":[{"bundled_item_id":666,"product_id":24766,"menu_order":0,"quantity_min":1,"quantity_max":1,"quantity_default":1,"priced_individually":false,"shipped_individually":false,"override_title":false,"title":"AVA BREEZY Bustier\u0103 neagr\u0103","override_description":false,"description":"","optional":false,"hide_thumbnail":false,"discount":"","override_variations":false,"allowed_variations":[],"override_default_variation_attributes":false,"default_variation_attributes":[],"single_product_visibility":"visible","cart_visibility":"visible","order_visibility":"visible","single_product_price_visibility":"visible","cart_price_visibility":"visible","order_price_visibility":"visible","stock_status":"in_stock"},{"bundled_item_id":667,"product_id":29216,"menu_order":1,"quantity_min":1,"quantity_max":1,"quantity_default":1,"priced_individually":false,"shipped_individually":false,"override_title":false,"title":"AVA Bustier\u0103","override_description":false,"description":"","optional":false,"hide_thumbnail":false,"discount":"","override_variations":false,"allowed_variations":[],"override_default_variation_attributes":false,"default_variation_attributes":[],"single_product_visibility":"visible","cart_visibility":"visible","order_visibility":"visible","single_product_price_visibility":"visible","cart_price_visibility":"visible","order_price_visibility":"visible","stock_status":"in_stock"},{"bundled_item_id":668,"product_id":29216,"menu_order":2,"quantity_min":1,"quantity_max":1,"quantity_default":1,"priced_individually":false,"shipped_individually":false,"override_title":false,"title":"AVA Bustier\u0103","override_description":false,"description":"","optional":false,"hide_thumbnail":false,"discount":"","override_variations":false,"allowed_variations":[],"override_default_variation_attributes":false,"default_variation_attributes":[],"single_product_visibility":"visible","cart_visibility":"visible","order_visibility":"visible","single_product_price_visibility":"visible","cart_price_visibility":"visible","order_price_visibility":"visible","stock_status":"in_stock"}],"bundle_sell_ids":[],"_links":{"self":[{"href":"https:\/\/nalu.ro\/en\/wp-json\/wp\/v2\/product\/33285","targetHints":{"allow":["GET"]}}],"collection":[{"href":"https:\/\/nalu.ro\/en\/wp-json\/wp\/v2\/product"}],"about":[{"href":"https:\/\/nalu.ro\/en\/wp-json\/wp\/v2\/types\/product"}],"wp:featuredmedia":[{"embeddable":true,"href":"https:\/\/nalu.ro\/en\/wp-json\/wp\/v2\/media\/33286"}],"wp:attachment":[{"href":"https:\/\/nalu.ro\/en\/wp-json\/wp\/v2\/media?parent=33285"}],"wp:term":[{"taxonomy":"product_brand","embeddable":true,"href":"https:\/\/nalu.ro\/en\/wp-json\/wp\/v2\/product_brand?post=33285"},{"taxonomy":"product_cat","embeddable":true,"href":"https:\/\/nalu.ro\/en\/wp-json\/wp\/v2\/product_cat?post=33285"},{"taxonomy":"product_tag","embeddable":true,"href":"https:\/\/nalu.ro\/en\/wp-json\/wp\/v2\/product_tag?post=33285"}],"curies":[{"name":"wp","href":"https:\/\/api.w.org\/{rel}","templated":true}]}}